{"id":164,"date":"2017-09-13T18:01:20","date_gmt":"2017-09-13T21:01:20","guid":{"rendered":"http:\/\/ccblux.com\/?page_id=164"},"modified":"2026-03-19T11:17:32","modified_gmt":"2026-03-19T14:17:32","slug":"guia-passo-a-passo-para-segunda-etapa","status":"publish","type":"page","link":"https:\/\/www.ccblux.com.br\/?page_id=164","title":{"rendered":"Guia passo a passo para segunda etapa"},"content":{"rendered":"<p>Aqui est\u00e1 um guia passo a passo de como realizar a segunda etapa de quem vai fazer a recupera\u00e7\u00e3o ou op\u00e7\u00e3o da nacionalidade luxemburguesa.<\/p>\r\n<p>Explica como, quando, quem faz cada coisa. Tem a tradu\u00e7\u00e3o de como preencher os formul\u00e1rios em franc\u00eas.<\/p>\r\n<p>Este documento foi atualizado com as mudan\u00e7as da lei da nacionalidade aprovadas em <span style=\"color: #ff0000;\">junho de 2020\u00a0 e julho de 2021 e dezembro de 2022<\/span>.<\/p>\r\n<p>Documento atualizado em 25\/06\/2020, porque a Ministra da Justi\u00e7a de Luxemburgo, sensibilizada com as dificuldades para realizar a assinatura da declara\u00e7\u00e3o de recupera\u00e7\u00e3o at\u00e9 dezembro\/2020, solicitou a prorroga\u00e7\u00e3o deste prazo por mais um ano.\u00a0<\/p>\r\n<p><strong>A lei foi APROVADA pela c\u00e2mara e entrou em vigor no dia 25\/06\/2020 permitindo que todos possam se planejar com seguran\u00e7a para assinar a recupera\u00e7\u00e3o at\u00e9 o final de 2021.<\/strong><\/p>\r\n<p>Em 2021 a lei foi alterada novamente permitindo <strong>realizar a RECUPERA\u00c7\u00c3O\u00a0 at\u00e9 o final de 2022,<\/strong> pelos mesmos motivos da altera\u00e7\u00e3o de 2020.<\/p>\r\n<p>Em 23\/12\/2022 foi publicado no di\u00e1rio oficial de Luxemburgo a amplia\u00e7\u00e3o novamente do pedido de assinatura da <strong>RECUPERA\u00c7\u00c3O at\u00e9 o final de 2025.<\/strong><\/p>\r\n<p><em>A partir de maio de 2022 existe a recomenda\u00e7\u00e3o de enviar um e-mail para o Bierger Center notificando a sua apresenta\u00e7\u00e3o com o intuito de gerar um agendamento (rendez-vous) de hor\u00e1rio de atendimento. Evitando assim o risco de filas para o atendimento se n\u00e3o fosse feito. Tal notifica\u00e7\u00e3o pode ser feita \u00e0 partir de 3 meses antes da data de apresenta\u00e7\u00e3o prevista. A resposta ser\u00e1 um QR Code com a confirma\u00e7\u00e3o da data\/hora do atendimento. Devem ser enviados em forma digital no e-mail, todos os documentos que ser\u00e3o apresentados pessoalmente no dia da assinatura do Bierger Center. A nossa <a href=\"https:\/\/www.ccblux.com.br\/?page_id=1016\">assistente virtual<\/a> monta o texto do e-mail, basta copiar e colar.<\/em><\/p>\r\n<p>Dia 14\/02\/2023, o Minist\u00e9rio da Justi\u00e7a gerou um novo layout do question\u00e1rio biogr\u00e1fico. Atualizamos nosso guia para refletir este novo layout.<br \/>Atualizamos o guia para os feriados de 2025.<\/p>\r\n<p>No dia 01\/07\/2025, o Minist\u00e9rio da Justi\u00e7a atualizou o layout do question\u00e1rio socio biogr\u00e1fico. Atualizamos o guia explicando as mudan\u00e7as.<\/p>\r\n<p><strong>Pedidos do artigo 89(Recupera\u00e7\u00e3o expiraram em 2025), os pedidos atrav\u00e9s do artigo 7 e 23 continuam normalmente<\/strong><\/p>\r\n<p>Fa\u00e7a o download do nosso GUIA <a href=\"https:\/\/cidadanialuxemburguesa.com.br\/Guia_CCBLUX_Recuperacao_nacionalidade_luxemburguesa_versao16.pdf\">aqui<\/a>.<\/p>\r\n\r\n\r\n\r\n<p><em><sub>*ultima atualiza\u00e7\u00e3o 19\/03\/2026.<\/sub><\/em><\/p>\r\n","protected":false},"excerpt":{"rendered":"<p>Aqui est\u00e1 um guia passo a passo de como realizar a segunda etapa de quem vai fazer a recupera\u00e7\u00e3o ou op\u00e7\u00e3o da nacionalidade luxemburguesa. Explica como, quando, quem faz cada coisa. Tem a tradu\u00e7\u00e3o de como preencher os formul\u00e1rios em franc\u00eas. Este documento foi atualizado com as mudan\u00e7as da lei da nacionalidade aprovadas em junho &hellip; <\/p>\n<p class=\"link-more\"><a href=\"https:\/\/www.ccblux.com.br\/?page_id=164\" class=\"more-link\">Continue lendo<span class=\"screen-reader-text\"> &#8220;Guia passo a passo para segunda etapa&#8221;<\/span><\/a><\/p>\n","protected":false},"author":1,"featured_media":0,"parent":0,"menu_order":0,"comment_status":"closed","ping_status":"closed","template":"","meta":{"footnotes":""},"class_list":["post-164","page","type-page","status-publish","hentry"],"yoast_head":"<!-- This site is optimized with the Yoast SEO plugin v27.5 - https:\/\/yoast.com\/product\/yoast-seo-wordpress\/ -->\n<title>Guia passo a passo para segunda etapa - CCBLUX - Centro Cultural Brasil Luxemburgo<\/title>\n<meta name=\"robots\" content=\"index, follow, max-snippet:-1, max-image-preview:large, max-video-preview:-1\" \/>\n<link rel=\"canonical\" href=\"https:\/\/ccblux.com.br\/?page_id=164\" \/>\n<meta property=\"og:locale\" content=\"pt_BR\" \/>\n<meta property=\"og:type\" content=\"article\" \/>\n<meta property=\"og:title\" content=\"Guia passo a passo para segunda etapa - CCBLUX - Centro Cultural Brasil Luxemburgo\" \/>\n<meta property=\"og:description\" content=\"Aqui est\u00e1 um guia passo a passo de como realizar a segunda etapa de quem vai fazer a recupera\u00e7\u00e3o ou op\u00e7\u00e3o da nacionalidade luxemburguesa. Explica como, quando, quem faz cada coisa. Tem a tradu\u00e7\u00e3o de como preencher os formul\u00e1rios em franc\u00eas. Este documento foi atualizado com as mudan\u00e7as da lei da nacionalidade aprovadas em junho &hellip; Continue lendo &quot;Guia passo a passo para segunda etapa&quot;\" \/>\n<meta property=\"og:url\" content=\"https:\/\/ccblux.com.br\/?page_id=164\" \/>\n<meta property=\"og:site_name\" content=\"CCBLUX - Centro Cultural Brasil Luxemburgo\" \/>\n<meta property=\"article:publisher\" content=\"https:\/\/www.facebook.com\/CCBLUX\" \/>\n<meta property=\"article:modified_time\" content=\"2026-03-19T14:17:32+00:00\" \/>\n<meta name=\"twitter:card\" content=\"summary_large_image\" \/>\n<meta name=\"twitter:label1\" content=\"Est. tempo de leitura\" \/>\n\t<meta name=\"twitter:data1\" content=\"2 minutos\" \/>\n<script type=\"application\/ld+json\" class=\"yoast-schema-graph\">{\"@context\":\"https:\\\/\\\/schema.org\",\"@graph\":[{\"@type\":\"WebPage\",\"@id\":\"https:\\\/\\\/ccblux.com.br\\\/?page_id=164\",\"url\":\"https:\\\/\\\/ccblux.com.br\\\/?page_id=164\",\"name\":\"Guia passo a passo para segunda etapa - CCBLUX - Centro Cultural Brasil Luxemburgo\",\"isPartOf\":{\"@id\":\"https:\\\/\\\/www.ccblux.com.br\\\/#website\"},\"datePublished\":\"2017-09-13T21:01:20+00:00\",\"dateModified\":\"2026-03-19T14:17:32+00:00\",\"breadcrumb\":{\"@id\":\"https:\\\/\\\/ccblux.com.br\\\/?page_id=164#breadcrumb\"},\"inLanguage\":\"pt-BR\",\"potentialAction\":[{\"@type\":\"ReadAction\",\"target\":[\"https:\\\/\\\/ccblux.com.br\\\/?page_id=164\"]}]},{\"@type\":\"BreadcrumbList\",\"@id\":\"https:\\\/\\\/ccblux.com.br\\\/?page_id=164#breadcrumb\",\"itemListElement\":[{\"@type\":\"ListItem\",\"position\":1,\"name\":\"In\u00edcio\",\"item\":\"https:\\\/\\\/www.ccblux.com.br\\\/\"},{\"@type\":\"ListItem\",\"position\":2,\"name\":\"Guia passo a passo para segunda etapa\"}]},{\"@type\":\"WebSite\",\"@id\":\"https:\\\/\\\/www.ccblux.com.br\\\/#website\",\"url\":\"https:\\\/\\\/www.ccblux.com.br\\\/\",\"name\":\"CCBLUX - Centro Cultural Brasil Luxemburgo\",\"description\":\"Retomando os La\u00e7os com as ra\u00edzes luxemburguesas\",\"publisher\":{\"@id\":\"https:\\\/\\\/www.ccblux.com.br\\\/#organization\"},\"potentialAction\":[{\"@type\":\"SearchAction\",\"target\":{\"@type\":\"EntryPoint\",\"urlTemplate\":\"https:\\\/\\\/www.ccblux.com.br\\\/?s={search_term_string}\"},\"query-input\":{\"@type\":\"PropertyValueSpecification\",\"valueRequired\":true,\"valueName\":\"search_term_string\"}}],\"inLanguage\":\"pt-BR\"},{\"@type\":\"Organization\",\"@id\":\"https:\\\/\\\/www.ccblux.com.br\\\/#organization\",\"name\":\"CCBLUX Consultoria Ltda\",\"url\":\"https:\\\/\\\/www.ccblux.com.br\\\/\",\"logo\":{\"@type\":\"ImageObject\",\"inLanguage\":\"pt-BR\",\"@id\":\"https:\\\/\\\/www.ccblux.com.br\\\/#\\\/schema\\\/logo\\\/image\\\/\",\"url\":\"https:\\\/\\\/www.ccblux.com.br\\\/wp-content\\\/uploads\\\/2017\\\/06\\\/CCBLUX2ss.png\",\"contentUrl\":\"https:\\\/\\\/www.ccblux.com.br\\\/wp-content\\\/uploads\\\/2017\\\/06\\\/CCBLUX2ss.png\",\"width\":111,\"height\":131,\"caption\":\"CCBLUX Consultoria Ltda\"},\"image\":{\"@id\":\"https:\\\/\\\/www.ccblux.com.br\\\/#\\\/schema\\\/logo\\\/image\\\/\"},\"sameAs\":[\"https:\\\/\\\/www.facebook.com\\\/CCBLUX\"]}]}<\/script>\n<!-- \/ Yoast SEO plugin. -->","yoast_head_json":{"title":"Guia passo a passo para segunda etapa - CCBLUX - Centro Cultural Brasil Luxemburgo","robots":{"index":"index","follow":"follow","max-snippet":"max-snippet:-1","max-image-preview":"max-image-preview:large","max-video-preview":"max-video-preview:-1"},"canonical":"https:\/\/ccblux.com.br\/?page_id=164","og_locale":"pt_BR","og_type":"article","og_title":"Guia passo a passo para segunda etapa - CCBLUX - Centro Cultural Brasil Luxemburgo","og_description":"Aqui est\u00e1 um guia passo a passo de como realizar a segunda etapa de quem vai fazer a recupera\u00e7\u00e3o ou op\u00e7\u00e3o da nacionalidade luxemburguesa. Explica como, quando, quem faz cada coisa. Tem a tradu\u00e7\u00e3o de como preencher os formul\u00e1rios em franc\u00eas. Este documento foi atualizado com as mudan\u00e7as da lei da nacionalidade aprovadas em junho &hellip; Continue lendo \"Guia passo a passo para segunda etapa\"","og_url":"https:\/\/ccblux.com.br\/?page_id=164","og_site_name":"CCBLUX - Centro Cultural Brasil Luxemburgo","article_publisher":"https:\/\/www.facebook.com\/CCBLUX","article_modified_time":"2026-03-19T14:17:32+00:00","twitter_card":"summary_large_image","twitter_misc":{"Est. tempo de leitura":"2 minutos"},"schema":{"@context":"https:\/\/schema.org","@graph":[{"@type":"WebPage","@id":"https:\/\/ccblux.com.br\/?page_id=164","url":"https:\/\/ccblux.com.br\/?page_id=164","name":"Guia passo a passo para segunda etapa - CCBLUX - Centro Cultural Brasil Luxemburgo","isPartOf":{"@id":"https:\/\/www.ccblux.com.br\/#website"},"datePublished":"2017-09-13T21:01:20+00:00","dateModified":"2026-03-19T14:17:32+00:00","breadcrumb":{"@id":"https:\/\/ccblux.com.br\/?page_id=164#breadcrumb"},"inLanguage":"pt-BR","potentialAction":[{"@type":"ReadAction","target":["https:\/\/ccblux.com.br\/?page_id=164"]}]},{"@type":"BreadcrumbList","@id":"https:\/\/ccblux.com.br\/?page_id=164#breadcrumb","itemListElement":[{"@type":"ListItem","position":1,"name":"In\u00edcio","item":"https:\/\/www.ccblux.com.br\/"},{"@type":"ListItem","position":2,"name":"Guia passo a passo para segunda etapa"}]},{"@type":"WebSite","@id":"https:\/\/www.ccblux.com.br\/#website","url":"https:\/\/www.ccblux.com.br\/","name":"CCBLUX - Centro Cultural Brasil Luxemburgo","description":"Retomando os La\u00e7os com as ra\u00edzes luxemburguesas","publisher":{"@id":"https:\/\/www.ccblux.com.br\/#organization"},"potentialAction":[{"@type":"SearchAction","target":{"@type":"EntryPoint","urlTemplate":"https:\/\/www.ccblux.com.br\/?s={search_term_string}"},"query-input":{"@type":"PropertyValueSpecification","valueRequired":true,"valueName":"search_term_string"}}],"inLanguage":"pt-BR"},{"@type":"Organization","@id":"https:\/\/www.ccblux.com.br\/#organization","name":"CCBLUX Consultoria Ltda","url":"https:\/\/www.ccblux.com.br\/","logo":{"@type":"ImageObject","inLanguage":"pt-BR","@id":"https:\/\/www.ccblux.com.br\/#\/schema\/logo\/image\/","url":"https:\/\/www.ccblux.com.br\/wp-content\/uploads\/2017\/06\/CCBLUX2ss.png","contentUrl":"https:\/\/www.ccblux.com.br\/wp-content\/uploads\/2017\/06\/CCBLUX2ss.png","width":111,"height":131,"caption":"CCBLUX Consultoria Ltda"},"image":{"@id":"https:\/\/www.ccblux.com.br\/#\/schema\/logo\/image\/"},"sameAs":["https:\/\/www.facebook.com\/CCBLUX"]}]}},"_links":{"self":[{"href":"https:\/\/www.ccblux.com.br\/index.php?rest_route=\/wp\/v2\/pages\/164","targetHints":{"allow":["GET"]}}],"collection":[{"href":"https:\/\/www.ccblux.com.br\/index.php?rest_route=\/wp\/v2\/pages"}],"about":[{"href":"https:\/\/www.ccblux.com.br\/index.php?rest_route=\/wp\/v2\/types\/page"}],"author":[{"embeddable":true,"href":"https:\/\/www.ccblux.com.br\/index.php?rest_route=\/wp\/v2\/users\/1"}],"replies":[{"embeddable":true,"href":"https:\/\/www.ccblux.com.br\/index.php?rest_route=%2Fwp%2Fv2%2Fcomments&post=164"}],"version-history":[{"count":33,"href":"https:\/\/www.ccblux.com.br\/index.php?rest_route=\/wp\/v2\/pages\/164\/revisions"}],"predecessor-version":[{"id":1502,"href":"https:\/\/www.ccblux.com.br\/index.php?rest_route=\/wp\/v2\/pages\/164\/revisions\/1502"}],"wp:attachment":[{"href":"https:\/\/www.ccblux.com.br\/index.php?rest_route=%2Fwp%2Fv2%2Fmedia&parent=164"}],"curies":[{"name":"wp","href":"https:\/\/api.w.org\/{rel}","templated":true}]}}