{"id":111,"date":"2017-06-15T09:52:37","date_gmt":"2017-06-15T12:52:37","guid":{"rendered":"http:\/\/ccblux.com\/?page_id=111"},"modified":"2021-02-02T09:41:45","modified_gmt":"2021-02-02T12:41:45","slug":"servicos","status":"publish","type":"page","link":"https:\/\/www.ccblux.com.br\/?page_id=111","title":{"rendered":"Servi\u00e7os"},"content":{"rendered":"<p>Servi\u00e7os prestados:<\/p>\n<ul>\n<li>Assessoria para entrada de pedidos de nacionalidade luxemburguesa<\/li>\n<li>Avalia\u00e7\u00e3o da jurisprud\u00eancia da possibilidade de pedido da nacionalidade<\/li>\n<li>Consultoria para busca da cidadania luxemburguesa\n<ul>\n<li>Busca de certid\u00f5es nos cart\u00f3rios Brasileiros e Luxemburgueses<\/li>\n<li>An\u00e1lise de possibilidades de caso (c\u00f4njuge, familiares, etc)<\/li>\n<li>Elabora\u00e7\u00e3o de tradu\u00e7\u00e3o juramentada<\/li>\n<li>Elabora\u00e7\u00e3o de dossier<\/li>\n<\/ul>\n<\/li>\n<li>Cursos on line de idioma luxemburgu\u00eas (em elabora\u00e7\u00e3o)<\/li>\n<li>Concierge para trabalhar e viver em Luxemburgo\n<ul>\n<li>Op\u00e7\u00f5es de trabalho<\/li>\n<li>Cursos de gradua\u00e7\u00e3o e p\u00f3s gradua\u00e7\u00e3o<\/li>\n<li>High School<\/li>\n<li>Como residir<\/li>\n<li>como investir<\/li>\n<li>Startups em Luxemburgo<\/li>\n<\/ul>\n<\/li>\n<li>Tradu\u00e7\u00e3o e transcri\u00e7\u00e3o de documentos antigos (interpreta\u00e7\u00e3o da letra manuscrita g\u00f3tica antiga, paleografia)\n<ul>\n<li>Transformar isso:<img loading=\"lazy\" decoding=\"async\" class=\"alignnone wp-image-116 size-large\" src=\"http:\/\/ccblux.com\/wp-content\/uploads\/2017\/06\/letragotica-1024x95.png\" alt=\"\" width=\"525\" height=\"49\" srcset=\"https:\/\/www.ccblux.com.br\/wp-content\/uploads\/2017\/06\/letragotica-1024x95.png 1024w, https:\/\/www.ccblux.com.br\/wp-content\/uploads\/2017\/06\/letragotica-300x28.png 300w, https:\/\/www.ccblux.com.br\/wp-content\/uploads\/2017\/06\/letragotica-768x71.png 768w, https:\/\/www.ccblux.com.br\/wp-content\/uploads\/2017\/06\/letragotica.png 1210w\" sizes=\"auto, (max-width: 525px) 100vw, 525px\" \/><\/li>\n<li>Nisso (literalmente em alem\u00e3o):\u00a0Im Jahre tausend acht hundert sieben und f\u00fcnfzig<\/li>\n<li>ou mesmo, nisso (em portugu\u00eas) : No ano de mil oitocentos e cinquenta e sete<\/li>\n<\/ul>\n<\/li>\n<\/ul>\n","protected":false},"excerpt":{"rendered":"<p>Servi\u00e7os prestados: Assessoria para entrada de pedidos de nacionalidade luxemburguesa Avalia\u00e7\u00e3o da jurisprud\u00eancia da possibilidade de pedido da nacionalidade Consultoria para busca da cidadania luxemburguesa Busca de certid\u00f5es nos cart\u00f3rios Brasileiros e Luxemburgueses An\u00e1lise de possibilidades de caso (c\u00f4njuge, familiares, etc) Elabora\u00e7\u00e3o de tradu\u00e7\u00e3o juramentada Elabora\u00e7\u00e3o de dossier Cursos on line de idioma luxemburgu\u00eas (em &hellip; <\/p>\n<p class=\"link-more\"><a href=\"https:\/\/www.ccblux.com.br\/?page_id=111\" class=\"more-link\">Continue lendo<span class=\"screen-reader-text\"> &#8220;Servi\u00e7os&#8221;<\/span><\/a><\/p>\n","protected":false},"author":1,"featured_media":0,"parent":0,"menu_order":0,"comment_status":"closed","ping_status":"closed","template":"","meta":{"footnotes":""},"class_list":["post-111","page","type-page","status-publish","hentry"],"yoast_head":"<!-- This site is optimized with the Yoast SEO plugin v27.5 - https:\/\/yoast.com\/product\/yoast-seo-wordpress\/ -->\n<title>Servi\u00e7os - CCBLUX - Centro Cultural Brasil Luxemburgo<\/title>\n<meta name=\"robots\" content=\"index, follow, max-snippet:-1, max-image-preview:large, max-video-preview:-1\" \/>\n<link rel=\"canonical\" href=\"https:\/\/ccblux.com.br\/?page_id=111\" \/>\n<meta property=\"og:locale\" content=\"pt_BR\" \/>\n<meta property=\"og:type\" content=\"article\" \/>\n<meta property=\"og:title\" content=\"Servi\u00e7os - CCBLUX - Centro Cultural Brasil Luxemburgo\" \/>\n<meta property=\"og:description\" content=\"Servi\u00e7os prestados: Assessoria para entrada de pedidos de nacionalidade luxemburguesa Avalia\u00e7\u00e3o da jurisprud\u00eancia da possibilidade de pedido da nacionalidade Consultoria para busca da cidadania luxemburguesa Busca de certid\u00f5es nos cart\u00f3rios Brasileiros e Luxemburgueses An\u00e1lise de possibilidades de caso (c\u00f4njuge, familiares, etc) Elabora\u00e7\u00e3o de tradu\u00e7\u00e3o juramentada Elabora\u00e7\u00e3o de dossier Cursos on line de idioma luxemburgu\u00eas (em &hellip; Continue lendo &quot;Servi\u00e7os&quot;\" \/>\n<meta property=\"og:url\" content=\"https:\/\/ccblux.com.br\/?page_id=111\" \/>\n<meta property=\"og:site_name\" content=\"CCBLUX - Centro Cultural Brasil Luxemburgo\" \/>\n<meta property=\"article:publisher\" content=\"https:\/\/www.facebook.com\/CCBLUX\" \/>\n<meta property=\"article:modified_time\" content=\"2021-02-02T12:41:45+00:00\" \/>\n<meta property=\"og:image\" content=\"http:\/\/ccblux.com\/wp-content\/uploads\/2017\/06\/letragotica-1024x95.png\" \/>\n<meta name=\"twitter:card\" content=\"summary_large_image\" \/>\n<meta name=\"twitter:label1\" content=\"Est. tempo de leitura\" \/>\n\t<meta name=\"twitter:data1\" content=\"1 minuto\" \/>\n<script type=\"application\/ld+json\" class=\"yoast-schema-graph\">{\"@context\":\"https:\\\/\\\/schema.org\",\"@graph\":[{\"@type\":\"WebPage\",\"@id\":\"https:\\\/\\\/ccblux.com.br\\\/?page_id=111\",\"url\":\"https:\\\/\\\/ccblux.com.br\\\/?page_id=111\",\"name\":\"Servi\u00e7os - CCBLUX - Centro Cultural Brasil Luxemburgo\",\"isPartOf\":{\"@id\":\"https:\\\/\\\/www.ccblux.com\\\/#website\"},\"primaryImageOfPage\":{\"@id\":\"https:\\\/\\\/ccblux.com.br\\\/?page_id=111#primaryimage\"},\"image\":{\"@id\":\"https:\\\/\\\/ccblux.com.br\\\/?page_id=111#primaryimage\"},\"thumbnailUrl\":\"http:\\\/\\\/ccblux.com\\\/wp-content\\\/uploads\\\/2017\\\/06\\\/letragotica-1024x95.png\",\"datePublished\":\"2017-06-15T12:52:37+00:00\",\"dateModified\":\"2021-02-02T12:41:45+00:00\",\"breadcrumb\":{\"@id\":\"https:\\\/\\\/ccblux.com.br\\\/?page_id=111#breadcrumb\"},\"inLanguage\":\"pt-BR\",\"potentialAction\":[{\"@type\":\"ReadAction\",\"target\":[\"https:\\\/\\\/ccblux.com.br\\\/?page_id=111\"]}]},{\"@type\":\"ImageObject\",\"inLanguage\":\"pt-BR\",\"@id\":\"https:\\\/\\\/ccblux.com.br\\\/?page_id=111#primaryimage\",\"url\":\"http:\\\/\\\/ccblux.com\\\/wp-content\\\/uploads\\\/2017\\\/06\\\/letragotica-1024x95.png\",\"contentUrl\":\"http:\\\/\\\/ccblux.com\\\/wp-content\\\/uploads\\\/2017\\\/06\\\/letragotica-1024x95.png\"},{\"@type\":\"BreadcrumbList\",\"@id\":\"https:\\\/\\\/ccblux.com.br\\\/?page_id=111#breadcrumb\",\"itemListElement\":[{\"@type\":\"ListItem\",\"position\":1,\"name\":\"In\u00edcio\",\"item\":\"https:\\\/\\\/www.ccblux.com\\\/\"},{\"@type\":\"ListItem\",\"position\":2,\"name\":\"Servi\u00e7os\"}]},{\"@type\":\"WebSite\",\"@id\":\"https:\\\/\\\/www.ccblux.com\\\/#website\",\"url\":\"https:\\\/\\\/www.ccblux.com\\\/\",\"name\":\"CCBLUX - Centro Cultural Brasil Luxemburgo\",\"description\":\"Retomando os La\u00e7os com as ra\u00edzes luxemburguesas\",\"publisher\":{\"@id\":\"https:\\\/\\\/www.ccblux.com\\\/#organization\"},\"potentialAction\":[{\"@type\":\"SearchAction\",\"target\":{\"@type\":\"EntryPoint\",\"urlTemplate\":\"https:\\\/\\\/www.ccblux.com\\\/?s={search_term_string}\"},\"query-input\":{\"@type\":\"PropertyValueSpecification\",\"valueRequired\":true,\"valueName\":\"search_term_string\"}}],\"inLanguage\":\"pt-BR\"},{\"@type\":\"Organization\",\"@id\":\"https:\\\/\\\/www.ccblux.com\\\/#organization\",\"name\":\"CCBLUX Consultoria Ltda\",\"url\":\"https:\\\/\\\/www.ccblux.com\\\/\",\"logo\":{\"@type\":\"ImageObject\",\"inLanguage\":\"pt-BR\",\"@id\":\"https:\\\/\\\/www.ccblux.com\\\/#\\\/schema\\\/logo\\\/image\\\/\",\"url\":\"https:\\\/\\\/www.ccblux.com.br\\\/wp-content\\\/uploads\\\/2017\\\/06\\\/CCBLUX2ss.png\",\"contentUrl\":\"https:\\\/\\\/www.ccblux.com.br\\\/wp-content\\\/uploads\\\/2017\\\/06\\\/CCBLUX2ss.png\",\"width\":111,\"height\":131,\"caption\":\"CCBLUX Consultoria Ltda\"},\"image\":{\"@id\":\"https:\\\/\\\/www.ccblux.com\\\/#\\\/schema\\\/logo\\\/image\\\/\"},\"sameAs\":[\"https:\\\/\\\/www.facebook.com\\\/CCBLUX\"]}]}<\/script>\n<!-- \/ Yoast SEO plugin. -->","yoast_head_json":{"title":"Servi\u00e7os - CCBLUX - Centro Cultural Brasil Luxemburgo","robots":{"index":"index","follow":"follow","max-snippet":"max-snippet:-1","max-image-preview":"max-image-preview:large","max-video-preview":"max-video-preview:-1"},"canonical":"https:\/\/ccblux.com.br\/?page_id=111","og_locale":"pt_BR","og_type":"article","og_title":"Servi\u00e7os - CCBLUX - Centro Cultural Brasil Luxemburgo","og_description":"Servi\u00e7os prestados: Assessoria para entrada de pedidos de nacionalidade luxemburguesa Avalia\u00e7\u00e3o da jurisprud\u00eancia da possibilidade de pedido da nacionalidade Consultoria para busca da cidadania luxemburguesa Busca de certid\u00f5es nos cart\u00f3rios Brasileiros e Luxemburgueses An\u00e1lise de possibilidades de caso (c\u00f4njuge, familiares, etc) Elabora\u00e7\u00e3o de tradu\u00e7\u00e3o juramentada Elabora\u00e7\u00e3o de dossier Cursos on line de idioma luxemburgu\u00eas (em &hellip; Continue lendo \"Servi\u00e7os\"","og_url":"https:\/\/ccblux.com.br\/?page_id=111","og_site_name":"CCBLUX - Centro Cultural Brasil Luxemburgo","article_publisher":"https:\/\/www.facebook.com\/CCBLUX","article_modified_time":"2021-02-02T12:41:45+00:00","og_image":[{"url":"http:\/\/ccblux.com\/wp-content\/uploads\/2017\/06\/letragotica-1024x95.png","type":"","width":"","height":""}],"twitter_card":"summary_large_image","twitter_misc":{"Est. tempo de leitura":"1 minuto"},"schema":{"@context":"https:\/\/schema.org","@graph":[{"@type":"WebPage","@id":"https:\/\/ccblux.com.br\/?page_id=111","url":"https:\/\/ccblux.com.br\/?page_id=111","name":"Servi\u00e7os - CCBLUX - Centro Cultural Brasil Luxemburgo","isPartOf":{"@id":"https:\/\/www.ccblux.com\/#website"},"primaryImageOfPage":{"@id":"https:\/\/ccblux.com.br\/?page_id=111#primaryimage"},"image":{"@id":"https:\/\/ccblux.com.br\/?page_id=111#primaryimage"},"thumbnailUrl":"http:\/\/ccblux.com\/wp-content\/uploads\/2017\/06\/letragotica-1024x95.png","datePublished":"2017-06-15T12:52:37+00:00","dateModified":"2021-02-02T12:41:45+00:00","breadcrumb":{"@id":"https:\/\/ccblux.com.br\/?page_id=111#breadcrumb"},"inLanguage":"pt-BR","potentialAction":[{"@type":"ReadAction","target":["https:\/\/ccblux.com.br\/?page_id=111"]}]},{"@type":"ImageObject","inLanguage":"pt-BR","@id":"https:\/\/ccblux.com.br\/?page_id=111#primaryimage","url":"http:\/\/ccblux.com\/wp-content\/uploads\/2017\/06\/letragotica-1024x95.png","contentUrl":"http:\/\/ccblux.com\/wp-content\/uploads\/2017\/06\/letragotica-1024x95.png"},{"@type":"BreadcrumbList","@id":"https:\/\/ccblux.com.br\/?page_id=111#breadcrumb","itemListElement":[{"@type":"ListItem","position":1,"name":"In\u00edcio","item":"https:\/\/www.ccblux.com\/"},{"@type":"ListItem","position":2,"name":"Servi\u00e7os"}]},{"@type":"WebSite","@id":"https:\/\/www.ccblux.com\/#website","url":"https:\/\/www.ccblux.com\/","name":"CCBLUX - Centro Cultural Brasil Luxemburgo","description":"Retomando os La\u00e7os com as ra\u00edzes luxemburguesas","publisher":{"@id":"https:\/\/www.ccblux.com\/#organization"},"potentialAction":[{"@type":"SearchAction","target":{"@type":"EntryPoint","urlTemplate":"https:\/\/www.ccblux.com\/?s={search_term_string}"},"query-input":{"@type":"PropertyValueSpecification","valueRequired":true,"valueName":"search_term_string"}}],"inLanguage":"pt-BR"},{"@type":"Organization","@id":"https:\/\/www.ccblux.com\/#organization","name":"CCBLUX Consultoria Ltda","url":"https:\/\/www.ccblux.com\/","logo":{"@type":"ImageObject","inLanguage":"pt-BR","@id":"https:\/\/www.ccblux.com\/#\/schema\/logo\/image\/","url":"https:\/\/www.ccblux.com.br\/wp-content\/uploads\/2017\/06\/CCBLUX2ss.png","contentUrl":"https:\/\/www.ccblux.com.br\/wp-content\/uploads\/2017\/06\/CCBLUX2ss.png","width":111,"height":131,"caption":"CCBLUX Consultoria Ltda"},"image":{"@id":"https:\/\/www.ccblux.com\/#\/schema\/logo\/image\/"},"sameAs":["https:\/\/www.facebook.com\/CCBLUX"]}]}},"_links":{"self":[{"href":"https:\/\/www.ccblux.com.br\/index.php?rest_route=\/wp\/v2\/pages\/111","targetHints":{"allow":["GET"]}}],"collection":[{"href":"https:\/\/www.ccblux.com.br\/index.php?rest_route=\/wp\/v2\/pages"}],"about":[{"href":"https:\/\/www.ccblux.com.br\/index.php?rest_route=\/wp\/v2\/types\/page"}],"author":[{"embeddable":true,"href":"https:\/\/www.ccblux.com.br\/index.php?rest_route=\/wp\/v2\/users\/1"}],"replies":[{"embeddable":true,"href":"https:\/\/www.ccblux.com.br\/index.php?rest_route=%2Fwp%2Fv2%2Fcomments&post=111"}],"version-history":[{"count":5,"href":"https:\/\/www.ccblux.com.br\/index.php?rest_route=\/wp\/v2\/pages\/111\/revisions"}],"predecessor-version":[{"id":639,"href":"https:\/\/www.ccblux.com.br\/index.php?rest_route=\/wp\/v2\/pages\/111\/revisions\/639"}],"wp:attachment":[{"href":"https:\/\/www.ccblux.com.br\/index.php?rest_route=%2Fwp%2Fv2%2Fmedia&parent=111"}],"curies":[{"name":"wp","href":"https:\/\/api.w.org\/{rel}","templated":true}]}}